{"id":843,"date":"2020-11-28T22:40:38","date_gmt":"2020-11-28T21:40:38","guid":{"rendered":"https:\/\/vrtec-vrhnika.qdev.si\/?page_id=843"},"modified":"2020-11-28T22:40:38","modified_gmt":"2020-11-28T21:40:38","slug":"pralne-plenice","status":"publish","type":"page","link":"https:\/\/wp.qdev.si\/index.php\/pralne-plenice\/","title":{"rendered":"Pralne plenice"},"content":{"rendered":"<p><a href=\"https:\/\/wp.qdev.si\/kontakt-prehrana\/\" ><br \/>\n\t\t\t\t\tKontakt\t\t\t\t<\/a><br \/>\n\t\t\t\t\t\t\t<a href=\"https:\/\/wp.qdev.si\/jedilniki\/\" ><br \/>\n\t\t\t\t\tJedilnik\t\t\t\t<\/a><br \/>\n\t\t\t\t\t\t\t<a href=\"https:\/\/wp.qdev.si\/prehrana\/\" ><br \/>\n\t\t\t\t\tPrehrana\t\t\t\t<\/a><br \/>\n\t\t\t\t\t\t\t<a href=\"https:\/\/wp.qdev.si\/dietna-prehrana\/\" ><br \/>\n\t\t\t\t\tDietna prehrana\t\t\t\t<\/a><br \/>\n\t\t\t\t\t\t\t<a href=\"https:\/\/wp.qdev.si\/zdravje\/\" ><br \/>\n\t\t\t\t\tZdravje\t\t\t\t<\/a><br \/>\n\t\t\t\t\t\t\t<a href=\"https:\/\/wp.qdev.si\/pralne-plenice\/\" ><br \/>\n\t\t\t\t\tPralne plenice\t\t\t\t<\/a><br \/>\n\t\t\t\t\t\t\t<a href=\"https:\/\/wp.qdev.si\/skrb-za-okolje\/\" ><br \/>\n\t\t\t\t\tSkrb za okolje\t\t\t\t<\/a><\/p>\n<h1>Pralne plenice<br \/>\n<\/h1>\n<p>\t\t[bws_pdfprint display=&#8217;pdf,print&#8217;]<\/p>\n<p>V vrtcu smo na pobudo Dru\u0161tva Ekologi brez meja leta 2014 izvedli anketo o uporabi pralnih plenic. 70 % star\u0161ev najmlaj\u0161ih otrok je bilo naklonjenih uporabi pralnih plenic v vrtcu, zato smo se zanje tudi odlo\u010dili. Do poletja smo s slovenskim proizvajalcem razvili model plenic za vrtec. Plenice iz organskega bomba\u017ea smo v vrtcu za\u010deli uporabljati septembra 2014, polno \u0161tevilo pa v sredini oktobra 2014.<\/p>\n<p>Otroka previjemo v pralno plenico po zajtrku in pred spanjem. Po prebujanju otroka previjemo v plenico za enkratno uporabo, v kateri odide domov. Plenice peremo v pralnici vrtca brez uporabe meh\u010dalcev ali belil na osnovi klora.<\/p>\n<p>Z uporabo pralnih plenic se zmanj\u0161a tudi pogostnost pleni\u010dnega izpu\u0161\u010daja.<\/p>\n<p>V letu 2017 smo pridobili tudi Potrdilo o razku\u017eevalnem u\u010dinku pranja tekstilij, ki ga je na podlagi laboratorijskih analiz opranih pralnih plenic izdala Fakulteta za strojni\u0161tvo, In\u0161titut za in\u017eenirske materiale in oblikovanje ter Center za nego tekstilij in obla\u010dil Univerze v Mariboru.<\/p>\n<p><a href=\"https:\/\/wp.qdev.si\/wp-content\/uploads\/2020\/11\/Potrdilo-o-razkuzevalnem-ucinku-pranja.pdf\">Potrdilo o razku\u017eevalnem u\u010dinku pranja<\/a><\/p>\n<p><img loading=\"lazy\" decoding=\"async\" src=\"https:\/\/wp.qdev.si\/wp-content\/uploads\/2020\/11\/download-213x300.png\" alt=\"\" width=\"213\" height=\"300\" \/><\/p>\n","protected":false},"excerpt":{"rendered":"<p>Kontakt Jedilnik Prehrana Dietna prehrana Zdravje Pralne plenice Skrb za okolje Pralne plenice [bws_pdfprint display=&#8217;pdf,print&#8217;] V vrtcu smo na pobudo Dru\u0161tva Ekologi brez meja leta 2014 izvedli anketo o uporabi pralnih plenic. 70 % star\u0161ev najmlaj\u0161ih otrok je bilo naklonjenih uporabi pralnih plenic v vrtcu, zato smo se zanje tudi odlo\u010dili. Do poletja smo s [&hellip;]<\/p>\n","protected":false},"author":2,"featured_media":0,"parent":0,"menu_order":0,"comment_status":"closed","ping_status":"closed","template":"elementor_header_footer","meta":{"footnotes":""},"class_list":["post-843","page","type-page","status-publish","hentry"],"yoast_head":"<!-- This site is optimized with the Yoast SEO plugin v26.5 - https:\/\/yoast.com\/wordpress\/plugins\/seo\/ -->\n<title>Pralne plenice - Klavdija<\/title>\n<meta name=\"robots\" content=\"index, follow, max-snippet:-1, max-image-preview:large, max-video-preview:-1\" \/>\n<link rel=\"canonical\" href=\"https:\/\/wp.qdev.si\/index.php\/pralne-plenice\/\" \/>\n<meta property=\"og:locale\" content=\"sl_SI\" \/>\n<meta property=\"og:type\" content=\"article\" \/>\n<meta property=\"og:title\" content=\"Pralne plenice - Klavdija\" \/>\n<meta property=\"og:description\" content=\"Kontakt Jedilnik Prehrana Dietna prehrana Zdravje Pralne plenice Skrb za okolje Pralne plenice [bws_pdfprint display=&#8217;pdf,print&#8217;] V vrtcu smo na pobudo Dru\u0161tva Ekologi brez meja leta 2014 izvedli anketo o uporabi pralnih plenic. 70 % star\u0161ev najmlaj\u0161ih otrok je bilo naklonjenih uporabi pralnih plenic v vrtcu, zato smo se zanje tudi odlo\u010dili. Do poletja smo s [&hellip;]\" \/>\n<meta property=\"og:url\" content=\"https:\/\/wp.qdev.si\/index.php\/pralne-plenice\/\" \/>\n<meta property=\"og:site_name\" content=\"Klavdija\" \/>\n<meta property=\"og:image\" content=\"https:\/\/wp.qdev.si\/wp-content\/uploads\/2020\/11\/download-213x300.png\" \/>\n<meta name=\"twitter:card\" content=\"summary_large_image\" \/>\n<meta name=\"twitter:label1\" content=\"Est. reading time\" \/>\n\t<meta name=\"twitter:data1\" content=\"1 minuta\" \/>\n<script type=\"application\/ld+json\" class=\"yoast-schema-graph\">{\"@context\":\"https:\/\/schema.org\",\"@graph\":[{\"@type\":\"WebPage\",\"@id\":\"https:\/\/wp.qdev.si\/index.php\/pralne-plenice\/\",\"url\":\"https:\/\/wp.qdev.si\/index.php\/pralne-plenice\/\",\"name\":\"Pralne plenice - Klavdija\",\"isPartOf\":{\"@id\":\"https:\/\/wp.qdev.si\/#website\"},\"primaryImageOfPage\":{\"@id\":\"https:\/\/wp.qdev.si\/index.php\/pralne-plenice\/#primaryimage\"},\"image\":{\"@id\":\"https:\/\/wp.qdev.si\/index.php\/pralne-plenice\/#primaryimage\"},\"thumbnailUrl\":\"https:\/\/wp.qdev.si\/wp-content\/uploads\/2020\/11\/download-213x300.png\",\"datePublished\":\"2020-11-28T21:40:38+00:00\",\"breadcrumb\":{\"@id\":\"https:\/\/wp.qdev.si\/index.php\/pralne-plenice\/#breadcrumb\"},\"inLanguage\":\"sl-SI\",\"potentialAction\":[{\"@type\":\"ReadAction\",\"target\":[\"https:\/\/wp.qdev.si\/index.php\/pralne-plenice\/\"]}]},{\"@type\":\"ImageObject\",\"inLanguage\":\"sl-SI\",\"@id\":\"https:\/\/wp.qdev.si\/index.php\/pralne-plenice\/#primaryimage\",\"url\":\"https:\/\/wp.qdev.si\/wp-content\/uploads\/2020\/11\/download-213x300.png\",\"contentUrl\":\"https:\/\/wp.qdev.si\/wp-content\/uploads\/2020\/11\/download-213x300.png\"},{\"@type\":\"BreadcrumbList\",\"@id\":\"https:\/\/wp.qdev.si\/index.php\/pralne-plenice\/#breadcrumb\",\"itemListElement\":[{\"@type\":\"ListItem\",\"position\":1,\"name\":\"Home\",\"item\":\"https:\/\/wp.qdev.si\/\"},{\"@type\":\"ListItem\",\"position\":2,\"name\":\"Pralne plenice\"}]},{\"@type\":\"WebSite\",\"@id\":\"https:\/\/wp.qdev.si\/#website\",\"url\":\"https:\/\/wp.qdev.si\/\",\"name\":\"Klavdija\",\"description\":\"\",\"potentialAction\":[{\"@type\":\"SearchAction\",\"target\":{\"@type\":\"EntryPoint\",\"urlTemplate\":\"https:\/\/wp.qdev.si\/?s={search_term_string}\"},\"query-input\":{\"@type\":\"PropertyValueSpecification\",\"valueRequired\":true,\"valueName\":\"search_term_string\"}}],\"inLanguage\":\"sl-SI\"}]}<\/script>\n<!-- \/ Yoast SEO plugin. -->","yoast_head_json":{"title":"Pralne plenice - Klavdija","robots":{"index":"index","follow":"follow","max-snippet":"max-snippet:-1","max-image-preview":"max-image-preview:large","max-video-preview":"max-video-preview:-1"},"canonical":"https:\/\/wp.qdev.si\/index.php\/pralne-plenice\/","og_locale":"sl_SI","og_type":"article","og_title":"Pralne plenice - Klavdija","og_description":"Kontakt Jedilnik Prehrana Dietna prehrana Zdravje Pralne plenice Skrb za okolje Pralne plenice [bws_pdfprint display=&#8217;pdf,print&#8217;] V vrtcu smo na pobudo Dru\u0161tva Ekologi brez meja leta 2014 izvedli anketo o uporabi pralnih plenic. 70 % star\u0161ev najmlaj\u0161ih otrok je bilo naklonjenih uporabi pralnih plenic v vrtcu, zato smo se zanje tudi odlo\u010dili. Do poletja smo s [&hellip;]","og_url":"https:\/\/wp.qdev.si\/index.php\/pralne-plenice\/","og_site_name":"Klavdija","og_image":[{"url":"https:\/\/wp.qdev.si\/wp-content\/uploads\/2020\/11\/download-213x300.png","type":"","width":"","height":""}],"twitter_card":"summary_large_image","twitter_misc":{"Est. reading time":"1 minuta"},"schema":{"@context":"https:\/\/schema.org","@graph":[{"@type":"WebPage","@id":"https:\/\/wp.qdev.si\/index.php\/pralne-plenice\/","url":"https:\/\/wp.qdev.si\/index.php\/pralne-plenice\/","name":"Pralne plenice - Klavdija","isPartOf":{"@id":"https:\/\/wp.qdev.si\/#website"},"primaryImageOfPage":{"@id":"https:\/\/wp.qdev.si\/index.php\/pralne-plenice\/#primaryimage"},"image":{"@id":"https:\/\/wp.qdev.si\/index.php\/pralne-plenice\/#primaryimage"},"thumbnailUrl":"https:\/\/wp.qdev.si\/wp-content\/uploads\/2020\/11\/download-213x300.png","datePublished":"2020-11-28T21:40:38+00:00","breadcrumb":{"@id":"https:\/\/wp.qdev.si\/index.php\/pralne-plenice\/#breadcrumb"},"inLanguage":"sl-SI","potentialAction":[{"@type":"ReadAction","target":["https:\/\/wp.qdev.si\/index.php\/pralne-plenice\/"]}]},{"@type":"ImageObject","inLanguage":"sl-SI","@id":"https:\/\/wp.qdev.si\/index.php\/pralne-plenice\/#primaryimage","url":"https:\/\/wp.qdev.si\/wp-content\/uploads\/2020\/11\/download-213x300.png","contentUrl":"https:\/\/wp.qdev.si\/wp-content\/uploads\/2020\/11\/download-213x300.png"},{"@type":"BreadcrumbList","@id":"https:\/\/wp.qdev.si\/index.php\/pralne-plenice\/#breadcrumb","itemListElement":[{"@type":"ListItem","position":1,"name":"Home","item":"https:\/\/wp.qdev.si\/"},{"@type":"ListItem","position":2,"name":"Pralne plenice"}]},{"@type":"WebSite","@id":"https:\/\/wp.qdev.si\/#website","url":"https:\/\/wp.qdev.si\/","name":"Klavdija","description":"","potentialAction":[{"@type":"SearchAction","target":{"@type":"EntryPoint","urlTemplate":"https:\/\/wp.qdev.si\/?s={search_term_string}"},"query-input":{"@type":"PropertyValueSpecification","valueRequired":true,"valueName":"search_term_string"}}],"inLanguage":"sl-SI"}]}},"_links":{"self":[{"href":"https:\/\/wp.qdev.si\/index.php\/wp-json\/wp\/v2\/pages\/843","targetHints":{"allow":["GET"]}}],"collection":[{"href":"https:\/\/wp.qdev.si\/index.php\/wp-json\/wp\/v2\/pages"}],"about":[{"href":"https:\/\/wp.qdev.si\/index.php\/wp-json\/wp\/v2\/types\/page"}],"author":[{"embeddable":true,"href":"https:\/\/wp.qdev.si\/index.php\/wp-json\/wp\/v2\/users\/2"}],"replies":[{"embeddable":true,"href":"https:\/\/wp.qdev.si\/index.php\/wp-json\/wp\/v2\/comments?post=843"}],"version-history":[{"count":0,"href":"https:\/\/wp.qdev.si\/index.php\/wp-json\/wp\/v2\/pages\/843\/revisions"}],"wp:attachment":[{"href":"https:\/\/wp.qdev.si\/index.php\/wp-json\/wp\/v2\/media?parent=843"}],"curies":[{"name":"wp","href":"https:\/\/api.w.org\/{rel}","templated":true}]}}