{"id":762,"date":"2020-11-28T21:46:51","date_gmt":"2020-11-28T20:46:51","guid":{"rendered":"https:\/\/vrtec-vrhnika.qdev.si\/?page_id=762"},"modified":"2020-11-28T21:46:51","modified_gmt":"2020-11-28T20:46:51","slug":"kontakt-in-namen-svetovalne-sluzbe","status":"publish","type":"page","link":"https:\/\/wp.qdev.si\/index.php\/kontakt-in-namen-svetovalne-sluzbe\/","title":{"rendered":"Kontakt in namen svetovalne slu\u017ebe"},"content":{"rendered":"<p><a href=\"https:\/\/wp.qdev.si\/kontakt-in-namen-svetovalne-sluzbe\/\" id=\"\"><br \/>\n\t\t\t\t\tKontakt in namen svetovalne slu\u017ebe\t\t\t\t<\/a><br \/>\n\t\t\t\t\t\t\t<a href=\"https:\/\/wp.qdev.si\/otroci-s-posebnimi-potrebami-in-postopki\/\" id=\"\"><br \/>\n\t\t\t\t\tOtroci s posebnimi potrebami in postopki\t\t\t\t<\/a><br \/>\n\t\t\t\t\t\t\t<a href=\"https:\/\/wp.qdev.si\/koristni-nasveti\/\" id=\"\"><br \/>\n\t\t\t\t\tKoristni nasveti\t\t\t\t<\/a><br \/>\n\t\t\t\t\t\t\t<a href=\"https:\/\/wp.qdev.si\/postopno-uvajanje-otrok-v-vrtec\/\" id=\"\"><br \/>\n\t\t\t\t\tPostopno uvajanje otrok v vrtec\t\t\t\t<\/a><\/p>\n<h1>Kontakt in namen svetovalne slu\u017ebe<\/h1>\n<p>\t\t[bws_pdfprint display=&#8217;pdf,print&#8217;]\t\t<\/p>\n<h2>KONTAKT<\/h2>\n<p>TANJA MAVSAR BREN\u010cI\u010c za enote Komar\u010dek, Rosika in \u017delvica<br \/>telefon:\u00a0\u00a0\u00a0 01\/75-07-395<br \/>e-naslov:\u00a0\u00a0\u00a0\u00a0<a href=\"mailto:tanja.mavsar-bren%C4%8Di%C4%8D@vrtec-vrhnika.si\">tanja.mavsar-brencic@vrtec-vrhnika.si<\/a><\/p>\n<p>POLONA SLABE za enoti Barjan\u010dek in \u017dabica<\/p>\n<p>telefon: 01\/ 75-07-380<\/p>\n<p>e- naslov:\u00a0 polona.slabe@vrtec-vrhnika.si<\/p>\n<p>\u00a0<\/p>\n<p>\u00a0<\/p>\n<h2>NAMEN SVETOVALNE SLU\u017dBE<\/h2>\n<p>Svetovalna slu\u017eba pomaga in sodeluje v vrtcu z osnovnim ciljem in namenom, da bi vrtec in dom skupaj v \u010dim ve\u010dji meri ustvarjala optimalne pogoje za razvoj otrokovih sposobnosti v pred\u0161olskem obdobju. Skupaj z drugimi udele\u017eenci \u2013 v sodelovanju s star\u0161i, vzgojiteljicami in pomo\u010dnicami vzgojiteljic ter vodstvom vrtca \u017eeli ustvariti pogoje za dobro po\u010dutje vseh udele\u017eencev in da bi bili kot celota \u010dim bolj uspe\u0161ni pri uresni\u010devanju temeljnih in drugih zastavljenih splo\u0161nih ter posebnih vzgojno-izobra\u017eevalnih ciljev.<br \/>Odnos med vrtcem in star\u0161i oziroma dru\u017einami je za \u010dim bolj kakovostno vsakdanje \u017eivljenje pred\u0161olskih otrok posebno pomemben. Star\u0161i postajajo v vrtcu sogovorniki in soustvarjalci. Zato \u017eelimo, da bi na\u0161e sodelovanje uspelo in da bi bilo najbolj\u0161a osnova za dobro klimo. S svetovalno delavko se lahko posvetujete glede:<br \/>&#8211;\u00a0\u00a0 \u00a0vklju\u010ditve otroka v vrtec (priprava in pomo\u010d star\u0161em, ki jih zanima ali skrbi vklju\u010ditev otroka v vrtec, pomo\u010d otrokom v podporo in spodbudo za njihov najbolj\u0161i mo\u017een razvoj),<br \/>&#8211;\u00a0\u00a0 \u00a0posvetovanja o vzgoji in razvoju otroka (svetovanje in pomo\u010d star\u0161em, ki imajo kakr\u0161nekoli te\u017eave z otrokom),<br \/>&#8211;\u00a0\u00a0 \u00a0razumevanja in pomo\u010di pri otrokovih razvojnih in \u010dustvenih te\u017eavah in stiskah (te\u017eave pri hranjenju ali spanju, neprimerno vedenje, nemirnost, mo\u010denje postelje),<br \/>&#8211;\u00a0\u00a0 \u00a0razumevanja otrokovega odzivanja in pomo\u010di otroku ob kriti\u010dnih situacijah v dru\u017eini (rojstvo, selitev, smrt, razveze, druge stiske, s katerimi se sre\u010dujete kot star\u0161i),<br \/>&#8211;\u00a0\u00a0 \u00a0te\u017eav otroka pri sodelovanju in vklju\u010devanju v skupino,<br \/>&#8211;\u00a0\u00a0 \u00a0pomo\u010di otroku s te\u017eavami in primanjkljaji v razvoju (sodelovanje s star\u0161i pri vzpostavljanjem stikov s specialno pedagoginjo ali drugimi strokovnimi delavci in institucijami \u2013 pomo\u010d pri postopku usmerjanja otrok),<br \/>&#8211;\u00a0\u00a0 \u00a0sodelovanja s star\u0161i otrok s posebnimi potrebami \u2013 strokovne skupine,<br \/>&#8211;\u00a0\u00a0 \u00a0integracije in zagotavljanja enakih mo\u017enosti za vzgojo in izobra\u017eevanje otrok s posebnimi potrebami in<br \/>&#8211;\u00a0\u00a0 \u00a0prehoda otroka iz vrtca v \u0161olo.<\/p>\n<h2>NAMEN SVETOVALNE SLU\u017dBE<\/h2>\n<p>&#8211;\u00a0\u00a0 \u00a0individualni razgovori (osebno na sede\u017eu svetovalne slu\u017ebe, ali po dogovoru v enoti vrtca),<br \/>&#8211;\u00a0\u00a0 \u00a0odgovori na zastavljena vpra\u0161anja po elektronski po\u0161ti,<br \/>&#8211;\u00a0\u00a0 \u00a0strokovne skupine (otroci s posebnimi potrebami),<br \/>&#8211;\u00a0\u00a0 \u00a0skupinske oblike dela (predavanja in delavnice na \u017eeleno temo, kraj\u0161i seminarji in delavnice na pobudo star\u0161ev.<br \/>V kolikor je potrebno, svetovalna delavka z va\u0161im soglasjem sodeluje tudi s strokovnimi institucijami (s pedopsiholo\u0161ko ambulanto, s centrom za socialno delo, z drugimi zdravstvenimi institucijami in s svetovalnimi centri).<br \/>Svetovalni proces temelji na prostovoljnosti, skupnem dogovoru in zaupnosti podatkov ter zmeraj poteka v dobrobit otroka in njegove dru\u017eine.<\/p>\n","protected":false},"excerpt":{"rendered":"<p>Kontakt in namen svetovalne slu\u017ebe Otroci s posebnimi potrebami in postopki Koristni nasveti Postopno uvajanje otrok v vrtec Kontakt in namen svetovalne slu\u017ebe [bws_pdfprint display=&#8217;pdf,print&#8217;] KONTAKT TANJA MAVSAR BREN\u010cI\u010c za enote Komar\u010dek, Rosika in \u017delvicatelefon:\u00a0\u00a0\u00a0 01\/75-07-395e-naslov:\u00a0\u00a0\u00a0\u00a0tanja.mavsar-brencic@vrtec-vrhnika.si POLONA SLABE za enoti Barjan\u010dek in \u017dabica telefon: 01\/ 75-07-380 e- naslov:\u00a0 polona.slabe@vrtec-vrhnika.si \u00a0 \u00a0 NAMEN SVETOVALNE SLU\u017dBE Svetovalna [&hellip;]<\/p>\n","protected":false},"author":2,"featured_media":0,"parent":0,"menu_order":0,"comment_status":"closed","ping_status":"closed","template":"elementor_header_footer","meta":{"footnotes":""},"class_list":["post-762","page","type-page","status-publish","hentry"],"yoast_head":"<!-- This site is optimized with the Yoast SEO plugin v26.5 - https:\/\/yoast.com\/wordpress\/plugins\/seo\/ -->\n<title>Kontakt in namen svetovalne slu\u017ebe - Klavdija<\/title>\n<meta name=\"robots\" content=\"index, follow, max-snippet:-1, max-image-preview:large, max-video-preview:-1\" \/>\n<link rel=\"canonical\" href=\"https:\/\/wp.qdev.si\/index.php\/kontakt-in-namen-svetovalne-sluzbe\/\" \/>\n<meta property=\"og:locale\" content=\"sl_SI\" \/>\n<meta property=\"og:type\" content=\"article\" \/>\n<meta property=\"og:title\" content=\"Kontakt in namen svetovalne slu\u017ebe - Klavdija\" \/>\n<meta property=\"og:description\" content=\"Kontakt in namen svetovalne slu\u017ebe Otroci s posebnimi potrebami in postopki Koristni nasveti Postopno uvajanje otrok v vrtec Kontakt in namen svetovalne slu\u017ebe [bws_pdfprint display=&#8217;pdf,print&#8217;] KONTAKT TANJA MAVSAR BREN\u010cI\u010c za enote Komar\u010dek, Rosika in \u017delvicatelefon:\u00a0\u00a0\u00a0 01\/75-07-395e-naslov:\u00a0\u00a0\u00a0\u00a0tanja.mavsar-brencic@vrtec-vrhnika.si POLONA SLABE za enoti Barjan\u010dek in \u017dabica telefon: 01\/ 75-07-380 e- naslov:\u00a0 polona.slabe@vrtec-vrhnika.si \u00a0 \u00a0 NAMEN SVETOVALNE SLU\u017dBE Svetovalna [&hellip;]\" \/>\n<meta property=\"og:url\" content=\"https:\/\/wp.qdev.si\/index.php\/kontakt-in-namen-svetovalne-sluzbe\/\" \/>\n<meta property=\"og:site_name\" content=\"Klavdija\" \/>\n<meta name=\"twitter:card\" content=\"summary_large_image\" \/>\n<meta name=\"twitter:label1\" content=\"Est. reading time\" \/>\n\t<meta name=\"twitter:data1\" content=\"3 minute\" \/>\n<script type=\"application\/ld+json\" class=\"yoast-schema-graph\">{\"@context\":\"https:\/\/schema.org\",\"@graph\":[{\"@type\":\"WebPage\",\"@id\":\"https:\/\/wp.qdev.si\/index.php\/kontakt-in-namen-svetovalne-sluzbe\/\",\"url\":\"https:\/\/wp.qdev.si\/index.php\/kontakt-in-namen-svetovalne-sluzbe\/\",\"name\":\"Kontakt in namen svetovalne slu\u017ebe - Klavdija\",\"isPartOf\":{\"@id\":\"https:\/\/wp.qdev.si\/#website\"},\"datePublished\":\"2020-11-28T20:46:51+00:00\",\"breadcrumb\":{\"@id\":\"https:\/\/wp.qdev.si\/index.php\/kontakt-in-namen-svetovalne-sluzbe\/#breadcrumb\"},\"inLanguage\":\"sl-SI\",\"potentialAction\":[{\"@type\":\"ReadAction\",\"target\":[\"https:\/\/wp.qdev.si\/index.php\/kontakt-in-namen-svetovalne-sluzbe\/\"]}]},{\"@type\":\"BreadcrumbList\",\"@id\":\"https:\/\/wp.qdev.si\/index.php\/kontakt-in-namen-svetovalne-sluzbe\/#breadcrumb\",\"itemListElement\":[{\"@type\":\"ListItem\",\"position\":1,\"name\":\"Home\",\"item\":\"https:\/\/wp.qdev.si\/\"},{\"@type\":\"ListItem\",\"position\":2,\"name\":\"Kontakt in namen svetovalne slu\u017ebe\"}]},{\"@type\":\"WebSite\",\"@id\":\"https:\/\/wp.qdev.si\/#website\",\"url\":\"https:\/\/wp.qdev.si\/\",\"name\":\"Klavdija\",\"description\":\"\",\"potentialAction\":[{\"@type\":\"SearchAction\",\"target\":{\"@type\":\"EntryPoint\",\"urlTemplate\":\"https:\/\/wp.qdev.si\/?s={search_term_string}\"},\"query-input\":{\"@type\":\"PropertyValueSpecification\",\"valueRequired\":true,\"valueName\":\"search_term_string\"}}],\"inLanguage\":\"sl-SI\"}]}<\/script>\n<!-- \/ Yoast SEO plugin. -->","yoast_head_json":{"title":"Kontakt in namen svetovalne slu\u017ebe - Klavdija","robots":{"index":"index","follow":"follow","max-snippet":"max-snippet:-1","max-image-preview":"max-image-preview:large","max-video-preview":"max-video-preview:-1"},"canonical":"https:\/\/wp.qdev.si\/index.php\/kontakt-in-namen-svetovalne-sluzbe\/","og_locale":"sl_SI","og_type":"article","og_title":"Kontakt in namen svetovalne slu\u017ebe - Klavdija","og_description":"Kontakt in namen svetovalne slu\u017ebe Otroci s posebnimi potrebami in postopki Koristni nasveti Postopno uvajanje otrok v vrtec Kontakt in namen svetovalne slu\u017ebe [bws_pdfprint display=&#8217;pdf,print&#8217;] KONTAKT TANJA MAVSAR BREN\u010cI\u010c za enote Komar\u010dek, Rosika in \u017delvicatelefon:\u00a0\u00a0\u00a0 01\/75-07-395e-naslov:\u00a0\u00a0\u00a0\u00a0tanja.mavsar-brencic@vrtec-vrhnika.si POLONA SLABE za enoti Barjan\u010dek in \u017dabica telefon: 01\/ 75-07-380 e- naslov:\u00a0 polona.slabe@vrtec-vrhnika.si \u00a0 \u00a0 NAMEN SVETOVALNE SLU\u017dBE Svetovalna [&hellip;]","og_url":"https:\/\/wp.qdev.si\/index.php\/kontakt-in-namen-svetovalne-sluzbe\/","og_site_name":"Klavdija","twitter_card":"summary_large_image","twitter_misc":{"Est. reading time":"3 minute"},"schema":{"@context":"https:\/\/schema.org","@graph":[{"@type":"WebPage","@id":"https:\/\/wp.qdev.si\/index.php\/kontakt-in-namen-svetovalne-sluzbe\/","url":"https:\/\/wp.qdev.si\/index.php\/kontakt-in-namen-svetovalne-sluzbe\/","name":"Kontakt in namen svetovalne slu\u017ebe - Klavdija","isPartOf":{"@id":"https:\/\/wp.qdev.si\/#website"},"datePublished":"2020-11-28T20:46:51+00:00","breadcrumb":{"@id":"https:\/\/wp.qdev.si\/index.php\/kontakt-in-namen-svetovalne-sluzbe\/#breadcrumb"},"inLanguage":"sl-SI","potentialAction":[{"@type":"ReadAction","target":["https:\/\/wp.qdev.si\/index.php\/kontakt-in-namen-svetovalne-sluzbe\/"]}]},{"@type":"BreadcrumbList","@id":"https:\/\/wp.qdev.si\/index.php\/kontakt-in-namen-svetovalne-sluzbe\/#breadcrumb","itemListElement":[{"@type":"ListItem","position":1,"name":"Home","item":"https:\/\/wp.qdev.si\/"},{"@type":"ListItem","position":2,"name":"Kontakt in namen svetovalne slu\u017ebe"}]},{"@type":"WebSite","@id":"https:\/\/wp.qdev.si\/#website","url":"https:\/\/wp.qdev.si\/","name":"Klavdija","description":"","potentialAction":[{"@type":"SearchAction","target":{"@type":"EntryPoint","urlTemplate":"https:\/\/wp.qdev.si\/?s={search_term_string}"},"query-input":{"@type":"PropertyValueSpecification","valueRequired":true,"valueName":"search_term_string"}}],"inLanguage":"sl-SI"}]}},"_links":{"self":[{"href":"https:\/\/wp.qdev.si\/index.php\/wp-json\/wp\/v2\/pages\/762","targetHints":{"allow":["GET"]}}],"collection":[{"href":"https:\/\/wp.qdev.si\/index.php\/wp-json\/wp\/v2\/pages"}],"about":[{"href":"https:\/\/wp.qdev.si\/index.php\/wp-json\/wp\/v2\/types\/page"}],"author":[{"embeddable":true,"href":"https:\/\/wp.qdev.si\/index.php\/wp-json\/wp\/v2\/users\/2"}],"replies":[{"embeddable":true,"href":"https:\/\/wp.qdev.si\/index.php\/wp-json\/wp\/v2\/comments?post=762"}],"version-history":[{"count":0,"href":"https:\/\/wp.qdev.si\/index.php\/wp-json\/wp\/v2\/pages\/762\/revisions"}],"wp:attachment":[{"href":"https:\/\/wp.qdev.si\/index.php\/wp-json\/wp\/v2\/media?parent=762"}],"curies":[{"name":"wp","href":"https:\/\/api.w.org\/{rel}","templated":true}]}}